{"id":24,"date":"2023-11-23T20:59:26","date_gmt":"2023-11-23T17:59:26","guid":{"rendered":"https:\/\/ugurozalit.com\/?page_id=24"},"modified":"2024-11-13T21:57:51","modified_gmt":"2024-11-13T18:57:51","slug":"fotokopi-renkli-siyah","status":"publish","type":"page","link":"https:\/\/ugurozalit.com\/index.php\/hizmetlerimiz\/fotokopi-renkli-siyah\/","title":{"rendered":"Fotokopi | Renkli\/Siyah"},"content":{"rendered":"\n<p>En ucuz fotokopi fiyatlar\u0131 u\u011fur ozalit\u00a0 g\u00fcvencesiyle U\u011fur Ozalit\u00a0 olarak her zaman sizin i\u00e7in en ucuz ve ideal olan \u00e7\u00f6z\u00fcmleri sunuyoruz. En ucuz fotokopici konusunda iddial\u0131y\u0131z! Bu \u00e7\u00f6z\u00fcmleri sunarken birbirinden farkl\u0131 alternatifler olu\u015fturuyor ve bunlar\u0131n hem size \u00f6zel hem de en ekonomik olmas\u0131na \u00f6zen g\u00f6steriyoruz.<\/p>\n\n\n\n<p>G\u00fcne\u015fli,Ba\u011fc\u0131lar,\u0130kitelli,Yenibosna,Halkal\u0131 ve Mahmutbey ve \u00e7evresinden rahatl\u0131kla ma\u011fazam\u0131za ula\u015fabilirsiniz.<\/p>\n\n\n\n<p>En ucuz fotokopici olarak U\u011fur Ozalit \u2018a ula\u015ft\u0131\u011f\u0131n\u0131zda ba\u015fka yerde bulamayaca\u011f\u0131n\u0131z fiyatlar ve kaliteli hizmet politikam\u0131zla kar\u015f\u0131la\u015facaks\u0131n\u0131z.<\/p>\n\n\n\n<p>En ucuz fotokopi bask\u0131 \u00fccretlerimizin yan\u0131nda t\u00fcm dijital bask\u0131, ciltleme ve PVC bask\u0131 gibi di\u011fer \u00fcr\u00fcn ve hizmetlerimizden uygun fiyatlarla yararlanabilirsiniz.<\/p>\n\n\n\n<p>Fiyatlar\u0131m\u0131z\u0131n ve hizmetlerimizin e\u015fsiz oldu\u011funu g\u00f6rmek i\u00e7in sayfan\u0131n a\u015fa\u011f\u0131s\u0131ndaki yorumlar\u0131 okuyabilirsiniz.<\/p>\n\n\n\n<p>Bask\u0131 adedine g\u00f6re \u00fccretsiz g\u00f6nderim ve kampanyalar\u0131m\u0131zdan faydalanabilirsiniz.<\/p>\n\n\n\n<p>Daha da fazla tasarruf etmenize yard\u0131mc\u0131 olmak i\u00e7in toplu sipari\u015f verdi\u011finizde \u00f6zel promosyonlar sunuyoruz.<\/p>\n\n\n\n<p>Tamamlaman\u0131z gereken b\u00fcy\u00fck bir projeniz varsa, tezinizi, ders notlar\u0131n\u0131z\u0131 \u00e7o\u011faltmak istiyorsan\u0131z bug\u00fcn bizi aray\u0131n!<\/p>\n\n\n\n<p>\u00d6devinizin veya internette buldu\u011funuz g\u00f6rsellerin uygun fiyatl\u0131 olarak kaliteli ka\u011f\u0131tlarda<\/p>\n\n\n\n<p>renkli \u00e7\u0131kt\u0131lar\u0131n\u0131 U\u011fur Ozalit Matbaa ile h\u0131zl\u0131ca \u00e7\u0131karabilirsiniz.<\/p>\n\n\n\n<p>*Ucuz renkli fotokopilerden profesyonel foto\u011fraf ve belge tarama hizmetlerimize kadar<\/p>\n\n\n\n<p>\u00e7ok \u00e7e\u015fitli fotokopi hizmetleri sunuyoruz.<\/p>\n\n\n\n<p>Renkli Fotokopi ve \u00c7\u0131kt\u0131 Fiyatlar\u0131<\/p>\n\n\n\n<p>U\u011fur Ozalit Matbaa\u00a0 fotokopi merkezi, makul bir fiyata renkli kopyalar alabilece\u011finiz bir yerdir ve renkli kopyalar\u0131n maliyeti genellikle siyah beyaz kopyalardan daha y\u00fcksektir. Renkli fotokopiler, \u00f6devler, boyama kitaplar\u0131, posterler ve daha fazlas\u0131na kadar her \u015fey i\u00e7in kullan\u0131labilir.<\/p>\n\n\n\n<p>G\u00fcne\u015fli,Ba\u011fc\u0131lar,\u0130kitelli,Yenibosna,Halkal\u0131 ve Mahmutbey ve \u00e7evresinden rahatl\u0131kla ma\u011fazam\u0131za ula\u015fabilirsiniz<\/p>\n\n\n\n<p>G\u00fcne\u015fli Mah. \u00dcsk\u00fcp Cd. No:24 G\u00fcne\u015fli-Ba\u011fc\u0131lar\u2019da Kurulu\u015fumuzdan bu yana siyah beyaz ve renkli fotokopiler ba\u015fta olmak \u00fczere Dergi Bas\u0131m\u0131, Ciltleme hizmeti, Afi\u015f, Poster Bask\u0131lar, \u0130pli Sallant\u0131 kartlar, S\u0131vamal\u0131 Kartelalar,Kartela Ba\u015fl\u0131klar\u0131, Yuvarlak,Kare ku\u015fe-opak st\u0131cerlar,Bro\u015f\u00fcr,eli \u0130lan\u0131,Zarf,Kartvizit,Davetiye,Acil Ka\u015fe, M\u00fch\u00fcr,Fatura,\u0130rsaliye ve T\u00fcm Resmi Evraklar\u00a0 U\u011fur Ozalit Matbaa dijital ortamlarda g\u00f6nderilen bask\u0131lar\u0131n\u0131z\u0131 da en kaliteli haliyle yerine getiriyoruz.<\/p>\n","protected":false},"excerpt":{"rendered":"<p>En ucuz fotokopi fiyatlar\u0131 u\u011fur ozalit\u00a0 g\u00fcvencesiyle U\u011fur Ozalit\u00a0 olarak her zaman sizin i\u00e7in en ucuz ve ideal olan \u00e7\u00f6z\u00fcmleri sunuyoruz. En ucuz fotokopici konusunda iddial\u0131y\u0131z! Bu \u00e7\u00f6z\u00fcmleri sunarken birbirinden farkl\u0131 alternatifler olu\u015fturuyor ve bunlar\u0131n hem size \u00f6zel hem de en ekonomik olmas\u0131na \u00f6zen g\u00f6steriyoruz. G\u00fcne\u015fli,Ba\u011fc\u0131lar,\u0130kitelli,Yenibosna,Halkal\u0131 ve Mahmutbey ve \u00e7evresinden rahatl\u0131kla ma\u011fazam\u0131za ula\u015fabilirsiniz. En ucuz [&hellip;]<\/p>\n","protected":false},"author":1,"featured_media":0,"parent":13,"menu_order":0,"comment_status":"closed","ping_status":"closed","template":"","meta":{"_themeisle_gutenberg_block_has_review":false,"footnotes":""},"class_list":["post-24","page","type-page","status-publish","hentry"],"yoast_head":"<!-- This site is optimized with the Yoast SEO plugin v27.5 - https:\/\/yoast.com\/product\/yoast-seo-wordpress\/ -->\n<title>Fotokopi | Renkli\/Siyah - U\u011fur Ozalit<\/title>\n<meta name=\"robots\" content=\"index, follow, max-snippet:-1, max-image-preview:large, max-video-preview:-1\" \/>\n<link rel=\"canonical\" href=\"https:\/\/ugurozalit.com\/index.php\/hizmetlerimiz\/fotokopi-renkli-siyah\/\" \/>\n<meta property=\"og:locale\" content=\"tr_TR\" \/>\n<meta property=\"og:type\" content=\"article\" \/>\n<meta property=\"og:title\" content=\"Fotokopi | Renkli\/Siyah - U\u011fur Ozalit\" \/>\n<meta property=\"og:description\" content=\"En ucuz fotokopi fiyatlar\u0131 u\u011fur ozalit\u00a0 g\u00fcvencesiyle U\u011fur Ozalit\u00a0 olarak her zaman sizin i\u00e7in en ucuz ve ideal olan \u00e7\u00f6z\u00fcmleri sunuyoruz. En ucuz fotokopici konusunda iddial\u0131y\u0131z! Bu \u00e7\u00f6z\u00fcmleri sunarken birbirinden farkl\u0131 alternatifler olu\u015fturuyor ve bunlar\u0131n hem size \u00f6zel hem de en ekonomik olmas\u0131na \u00f6zen g\u00f6steriyoruz. G\u00fcne\u015fli,Ba\u011fc\u0131lar,\u0130kitelli,Yenibosna,Halkal\u0131 ve Mahmutbey ve \u00e7evresinden rahatl\u0131kla ma\u011fazam\u0131za ula\u015fabilirsiniz. En ucuz [&hellip;]\" \/>\n<meta property=\"og:url\" content=\"https:\/\/ugurozalit.com\/index.php\/hizmetlerimiz\/fotokopi-renkli-siyah\/\" \/>\n<meta property=\"og:site_name\" content=\"U\u011fur Ozalit\" \/>\n<meta property=\"article:modified_time\" content=\"2024-11-13T18:57:51+00:00\" \/>\n<meta name=\"twitter:card\" content=\"summary_large_image\" \/>\n<meta name=\"twitter:label1\" content=\"Tahmini okuma s\u00fcresi\" \/>\n\t<meta name=\"twitter:data1\" content=\"2 dakika\" \/>\n<script type=\"application\/ld+json\" class=\"yoast-schema-graph\">{\"@context\":\"https:\\\/\\\/schema.org\",\"@graph\":[{\"@type\":\"WebPage\",\"@id\":\"https:\\\/\\\/ugurozalit.com\\\/index.php\\\/hizmetlerimiz\\\/fotokopi-renkli-siyah\\\/\",\"url\":\"https:\\\/\\\/ugurozalit.com\\\/index.php\\\/hizmetlerimiz\\\/fotokopi-renkli-siyah\\\/\",\"name\":\"Fotokopi | Renkli\\\/Siyah - U\u011fur Ozalit\",\"isPartOf\":{\"@id\":\"https:\\\/\\\/ugurozalit.com\\\/#website\"},\"datePublished\":\"2023-11-23T17:59:26+00:00\",\"dateModified\":\"2024-11-13T18:57:51+00:00\",\"breadcrumb\":{\"@id\":\"https:\\\/\\\/ugurozalit.com\\\/index.php\\\/hizmetlerimiz\\\/fotokopi-renkli-siyah\\\/#breadcrumb\"},\"inLanguage\":\"tr\",\"potentialAction\":[{\"@type\":\"ReadAction\",\"target\":[\"https:\\\/\\\/ugurozalit.com\\\/index.php\\\/hizmetlerimiz\\\/fotokopi-renkli-siyah\\\/\"]}]},{\"@type\":\"BreadcrumbList\",\"@id\":\"https:\\\/\\\/ugurozalit.com\\\/index.php\\\/hizmetlerimiz\\\/fotokopi-renkli-siyah\\\/#breadcrumb\",\"itemListElement\":[{\"@type\":\"ListItem\",\"position\":1,\"name\":\"Anasayfa\",\"item\":\"https:\\\/\\\/ugurozalit.com\\\/\"},{\"@type\":\"ListItem\",\"position\":2,\"name\":\"Hizmetlerimiz\",\"item\":\"https:\\\/\\\/ugurozalit.com\\\/index.php\\\/hizmetlerimiz\\\/\"},{\"@type\":\"ListItem\",\"position\":3,\"name\":\"Fotokopi | Renkli\\\/Siyah\"}]},{\"@type\":\"WebSite\",\"@id\":\"https:\\\/\\\/ugurozalit.com\\\/#website\",\"url\":\"https:\\\/\\\/ugurozalit.com\\\/\",\"name\":\"U\u011fur Ozalit Dijital Bask\u0131 Merkezi\",\"description\":\"\",\"publisher\":{\"@id\":\"https:\\\/\\\/ugurozalit.com\\\/#organization\"},\"potentialAction\":[{\"@type\":\"SearchAction\",\"target\":{\"@type\":\"EntryPoint\",\"urlTemplate\":\"https:\\\/\\\/ugurozalit.com\\\/?s={search_term_string}\"},\"query-input\":{\"@type\":\"PropertyValueSpecification\",\"valueRequired\":true,\"valueName\":\"search_term_string\"}}],\"inLanguage\":\"tr\"},{\"@type\":\"Organization\",\"@id\":\"https:\\\/\\\/ugurozalit.com\\\/#organization\",\"name\":\"U\u011fur Ozalit Dijital Bask\u0131 Merkezi\",\"url\":\"https:\\\/\\\/ugurozalit.com\\\/\",\"logo\":{\"@type\":\"ImageObject\",\"inLanguage\":\"tr\",\"@id\":\"https:\\\/\\\/ugurozalit.com\\\/#\\\/schema\\\/logo\\\/image\\\/\",\"url\":\"https:\\\/\\\/ugurozalit.com\\\/wp-content\\\/uploads\\\/2023\\\/12\\\/UGUR-LOGO.png\",\"contentUrl\":\"https:\\\/\\\/ugurozalit.com\\\/wp-content\\\/uploads\\\/2023\\\/12\\\/UGUR-LOGO.png\",\"width\":1654,\"height\":1652,\"caption\":\"U\u011fur Ozalit Dijital Bask\u0131 Merkezi\"},\"image\":{\"@id\":\"https:\\\/\\\/ugurozalit.com\\\/#\\\/schema\\\/logo\\\/image\\\/\"},\"sameAs\":[\"https:\\\/\\\/www.instagram.com\\\/ugurdijitalbaski\\\/\"]}]}<\/script>\n<!-- \/ Yoast SEO plugin. -->","yoast_head_json":{"title":"Fotokopi | Renkli\/Siyah - U\u011fur Ozalit","robots":{"index":"index","follow":"follow","max-snippet":"max-snippet:-1","max-image-preview":"max-image-preview:large","max-video-preview":"max-video-preview:-1"},"canonical":"https:\/\/ugurozalit.com\/index.php\/hizmetlerimiz\/fotokopi-renkli-siyah\/","og_locale":"tr_TR","og_type":"article","og_title":"Fotokopi | Renkli\/Siyah - U\u011fur Ozalit","og_description":"En ucuz fotokopi fiyatlar\u0131 u\u011fur ozalit\u00a0 g\u00fcvencesiyle U\u011fur Ozalit\u00a0 olarak her zaman sizin i\u00e7in en ucuz ve ideal olan \u00e7\u00f6z\u00fcmleri sunuyoruz. En ucuz fotokopici konusunda iddial\u0131y\u0131z! Bu \u00e7\u00f6z\u00fcmleri sunarken birbirinden farkl\u0131 alternatifler olu\u015fturuyor ve bunlar\u0131n hem size \u00f6zel hem de en ekonomik olmas\u0131na \u00f6zen g\u00f6steriyoruz. G\u00fcne\u015fli,Ba\u011fc\u0131lar,\u0130kitelli,Yenibosna,Halkal\u0131 ve Mahmutbey ve \u00e7evresinden rahatl\u0131kla ma\u011fazam\u0131za ula\u015fabilirsiniz. En ucuz [&hellip;]","og_url":"https:\/\/ugurozalit.com\/index.php\/hizmetlerimiz\/fotokopi-renkli-siyah\/","og_site_name":"U\u011fur Ozalit","article_modified_time":"2024-11-13T18:57:51+00:00","twitter_card":"summary_large_image","twitter_misc":{"Tahmini okuma s\u00fcresi":"2 dakika"},"schema":{"@context":"https:\/\/schema.org","@graph":[{"@type":"WebPage","@id":"https:\/\/ugurozalit.com\/index.php\/hizmetlerimiz\/fotokopi-renkli-siyah\/","url":"https:\/\/ugurozalit.com\/index.php\/hizmetlerimiz\/fotokopi-renkli-siyah\/","name":"Fotokopi | Renkli\/Siyah - U\u011fur Ozalit","isPartOf":{"@id":"https:\/\/ugurozalit.com\/#website"},"datePublished":"2023-11-23T17:59:26+00:00","dateModified":"2024-11-13T18:57:51+00:00","breadcrumb":{"@id":"https:\/\/ugurozalit.com\/index.php\/hizmetlerimiz\/fotokopi-renkli-siyah\/#breadcrumb"},"inLanguage":"tr","potentialAction":[{"@type":"ReadAction","target":["https:\/\/ugurozalit.com\/index.php\/hizmetlerimiz\/fotokopi-renkli-siyah\/"]}]},{"@type":"BreadcrumbList","@id":"https:\/\/ugurozalit.com\/index.php\/hizmetlerimiz\/fotokopi-renkli-siyah\/#breadcrumb","itemListElement":[{"@type":"ListItem","position":1,"name":"Anasayfa","item":"https:\/\/ugurozalit.com\/"},{"@type":"ListItem","position":2,"name":"Hizmetlerimiz","item":"https:\/\/ugurozalit.com\/index.php\/hizmetlerimiz\/"},{"@type":"ListItem","position":3,"name":"Fotokopi | Renkli\/Siyah"}]},{"@type":"WebSite","@id":"https:\/\/ugurozalit.com\/#website","url":"https:\/\/ugurozalit.com\/","name":"U\u011fur Ozalit Dijital Bask\u0131 Merkezi","description":"","publisher":{"@id":"https:\/\/ugurozalit.com\/#organization"},"potentialAction":[{"@type":"SearchAction","target":{"@type":"EntryPoint","urlTemplate":"https:\/\/ugurozalit.com\/?s={search_term_string}"},"query-input":{"@type":"PropertyValueSpecification","valueRequired":true,"valueName":"search_term_string"}}],"inLanguage":"tr"},{"@type":"Organization","@id":"https:\/\/ugurozalit.com\/#organization","name":"U\u011fur Ozalit Dijital Bask\u0131 Merkezi","url":"https:\/\/ugurozalit.com\/","logo":{"@type":"ImageObject","inLanguage":"tr","@id":"https:\/\/ugurozalit.com\/#\/schema\/logo\/image\/","url":"https:\/\/ugurozalit.com\/wp-content\/uploads\/2023\/12\/UGUR-LOGO.png","contentUrl":"https:\/\/ugurozalit.com\/wp-content\/uploads\/2023\/12\/UGUR-LOGO.png","width":1654,"height":1652,"caption":"U\u011fur Ozalit Dijital Bask\u0131 Merkezi"},"image":{"@id":"https:\/\/ugurozalit.com\/#\/schema\/logo\/image\/"},"sameAs":["https:\/\/www.instagram.com\/ugurdijitalbaski\/"]}]}},"_links":{"self":[{"href":"https:\/\/ugurozalit.com\/index.php\/wp-json\/wp\/v2\/pages\/24","targetHints":{"allow":["GET"]}}],"collection":[{"href":"https:\/\/ugurozalit.com\/index.php\/wp-json\/wp\/v2\/pages"}],"about":[{"href":"https:\/\/ugurozalit.com\/index.php\/wp-json\/wp\/v2\/types\/page"}],"author":[{"embeddable":true,"href":"https:\/\/ugurozalit.com\/index.php\/wp-json\/wp\/v2\/users\/1"}],"replies":[{"embeddable":true,"href":"https:\/\/ugurozalit.com\/index.php\/wp-json\/wp\/v2\/comments?post=24"}],"version-history":[{"count":2,"href":"https:\/\/ugurozalit.com\/index.php\/wp-json\/wp\/v2\/pages\/24\/revisions"}],"predecessor-version":[{"id":78,"href":"https:\/\/ugurozalit.com\/index.php\/wp-json\/wp\/v2\/pages\/24\/revisions\/78"}],"up":[{"embeddable":true,"href":"https:\/\/ugurozalit.com\/index.php\/wp-json\/wp\/v2\/pages\/13"}],"wp:attachment":[{"href":"https:\/\/ugurozalit.com\/index.php\/wp-json\/wp\/v2\/media?parent=24"}],"curies":[{"name":"wp","href":"https:\/\/api.w.org\/{rel}","templated":true}]}}