{"id":15,"date":"2023-11-23T20:57:29","date_gmt":"2023-11-23T17:57:29","guid":{"rendered":"https:\/\/ugurozalit.com\/?page_id=15"},"modified":"2024-11-13T21:56:02","modified_gmt":"2024-11-13T18:56:02","slug":"ozalit","status":"publish","type":"page","link":"https:\/\/ugurozalit.com\/index.php\/hizmetlerimiz\/ozalit\/","title":{"rendered":"Ozalit"},"content":{"rendered":"\n<p>Ozalit &#8211; Proje Bask\u0131<\/p>\n\n\n\n<p>U\u011fur Ozalit olarak ozalit bask\u0131 plan i\u015flemlerinizi y\u00fcksek kaliteli makinelerimiz de sizler i\u00e7in bask\u0131 yap\u0131yoruz.<\/p>\n\n\n\n<p>Demir, temel, statik jeoloji, elekrik, su, do\u011falgaz\u2026mimarlar\u0131n ve proje b\u00fcrolar\u0131n\u0131n en \u00e7ok ihtiya\u00e7 duyduklar\u0131 ozalit bask\u0131, A0 \u00e7\u0131kt\u0131, ve plan kopyalama i\u015flerini plan kopya makinelerimizde A0 bask\u0131 geni\u015fli\u011finde ve sonsuz uzunlukta \u00e7\u0131kt\u0131 alarak dilerseniz rulo halinde, dilerseniz katlanm\u0131\u015f \u015fekilde teslim ediyoruz. Ayn\u0131 makine ile A0 ebatlar\u0131nda renkli tarama da yapabiliyoruz.<\/p>\n\n\n\n<p>\u0130sterseniz Siyah-Beyaz, \u0130sterseniz Renkli\u2026&nbsp; metresi 18 tl den ba\u015flayna fiyatlarla&#8230;<\/p>\n\n\n\n<p>G\u00fcne\u015fli,Ba\u011fc\u0131lar,\u0130kitelli,Yenibosna,Halkal\u0131 ve Mahmutbey ve \u00e7evresinden rahatl\u0131kla ma\u011fazam\u0131za ula\u015fabilirsiniz<\/p>\n\n\n\n<p>G\u00fcne\u015fli Mah. \u00dcsk\u00fcp Cd. No:24 G\u00fcne\u015fli-Ba\u011fc\u0131lar\u2019da Kurulu\u015fumuzdan bu yana siyah beyaz ve renkli fotokopiler ba\u015fta olmak \u00fczere Dergi Bas\u0131m\u0131, Ciltleme hizmeti, Afi\u015f, Poster Bask\u0131lar, \u0130pli Sallant\u0131 kartlar, S\u0131vamal\u0131 Kartelalar,Kartela Ba\u015fl\u0131klar\u0131, Yuvarlak, Kare ku\u015fe-opak st\u0131cerlar, Bro\u015f\u00fcr, eli \u0130lan\u0131, Zarf, Kartvizit, Davetiye, Acil Ka\u015fe, M\u00fch\u00fcr,Fatura,\u0130rsaliye ve T\u00fcm Resmi Evraklar\u00a0<\/p>\n\n\n\n<p>U\u011fur Ozalit Matbaa dijital ortamlarda g\u00f6nderilen bask\u0131lar\u0131n\u0131z\u0131 da en kaliteli haliyle yerine getiriyoruz.<\/p>\n","protected":false},"excerpt":{"rendered":"<p>Ozalit &#8211; Proje Bask\u0131 U\u011fur Ozalit olarak ozalit bask\u0131 plan i\u015flemlerinizi y\u00fcksek kaliteli makinelerimiz de sizler i\u00e7in bask\u0131 yap\u0131yoruz. Demir, temel, statik jeoloji, elekrik, su, do\u011falgaz\u2026mimarlar\u0131n ve proje b\u00fcrolar\u0131n\u0131n en \u00e7ok ihtiya\u00e7 duyduklar\u0131 ozalit bask\u0131, A0 \u00e7\u0131kt\u0131, ve plan kopyalama i\u015flerini plan kopya makinelerimizde A0 bask\u0131 geni\u015fli\u011finde ve sonsuz uzunlukta \u00e7\u0131kt\u0131 alarak dilerseniz rulo halinde, [&hellip;]<\/p>\n","protected":false},"author":1,"featured_media":0,"parent":13,"menu_order":0,"comment_status":"closed","ping_status":"closed","template":"","meta":{"_themeisle_gutenberg_block_has_review":false,"footnotes":""},"class_list":["post-15","page","type-page","status-publish","hentry"],"yoast_head":"<!-- This site is optimized with the Yoast SEO plugin v27.5 - https:\/\/yoast.com\/product\/yoast-seo-wordpress\/ -->\n<title>Ozalit - U\u011fur Ozalit<\/title>\n<meta name=\"robots\" content=\"index, follow, max-snippet:-1, max-image-preview:large, max-video-preview:-1\" \/>\n<link rel=\"canonical\" href=\"https:\/\/ugurozalit.com\/index.php\/hizmetlerimiz\/ozalit\/\" \/>\n<meta property=\"og:locale\" content=\"tr_TR\" \/>\n<meta property=\"og:type\" content=\"article\" \/>\n<meta property=\"og:title\" content=\"Ozalit - U\u011fur Ozalit\" \/>\n<meta property=\"og:description\" content=\"Ozalit &#8211; Proje Bask\u0131 U\u011fur Ozalit olarak ozalit bask\u0131 plan i\u015flemlerinizi y\u00fcksek kaliteli makinelerimiz de sizler i\u00e7in bask\u0131 yap\u0131yoruz. Demir, temel, statik jeoloji, elekrik, su, do\u011falgaz\u2026mimarlar\u0131n ve proje b\u00fcrolar\u0131n\u0131n en \u00e7ok ihtiya\u00e7 duyduklar\u0131 ozalit bask\u0131, A0 \u00e7\u0131kt\u0131, ve plan kopyalama i\u015flerini plan kopya makinelerimizde A0 bask\u0131 geni\u015fli\u011finde ve sonsuz uzunlukta \u00e7\u0131kt\u0131 alarak dilerseniz rulo halinde, [&hellip;]\" \/>\n<meta property=\"og:url\" content=\"https:\/\/ugurozalit.com\/index.php\/hizmetlerimiz\/ozalit\/\" \/>\n<meta property=\"og:site_name\" content=\"U\u011fur Ozalit\" \/>\n<meta property=\"article:modified_time\" content=\"2024-11-13T18:56:02+00:00\" \/>\n<meta name=\"twitter:card\" content=\"summary_large_image\" \/>\n<meta name=\"twitter:label1\" content=\"Tahmini okuma s\u00fcresi\" \/>\n\t<meta name=\"twitter:data1\" content=\"1 dakika\" \/>\n<script type=\"application\/ld+json\" class=\"yoast-schema-graph\">{\"@context\":\"https:\\\/\\\/schema.org\",\"@graph\":[{\"@type\":\"WebPage\",\"@id\":\"https:\\\/\\\/ugurozalit.com\\\/index.php\\\/hizmetlerimiz\\\/ozalit\\\/\",\"url\":\"https:\\\/\\\/ugurozalit.com\\\/index.php\\\/hizmetlerimiz\\\/ozalit\\\/\",\"name\":\"Ozalit - U\u011fur Ozalit\",\"isPartOf\":{\"@id\":\"https:\\\/\\\/ugurozalit.com\\\/#website\"},\"datePublished\":\"2023-11-23T17:57:29+00:00\",\"dateModified\":\"2024-11-13T18:56:02+00:00\",\"breadcrumb\":{\"@id\":\"https:\\\/\\\/ugurozalit.com\\\/index.php\\\/hizmetlerimiz\\\/ozalit\\\/#breadcrumb\"},\"inLanguage\":\"tr\",\"potentialAction\":[{\"@type\":\"ReadAction\",\"target\":[\"https:\\\/\\\/ugurozalit.com\\\/index.php\\\/hizmetlerimiz\\\/ozalit\\\/\"]}]},{\"@type\":\"BreadcrumbList\",\"@id\":\"https:\\\/\\\/ugurozalit.com\\\/index.php\\\/hizmetlerimiz\\\/ozalit\\\/#breadcrumb\",\"itemListElement\":[{\"@type\":\"ListItem\",\"position\":1,\"name\":\"Anasayfa\",\"item\":\"https:\\\/\\\/ugurozalit.com\\\/\"},{\"@type\":\"ListItem\",\"position\":2,\"name\":\"Hizmetlerimiz\",\"item\":\"https:\\\/\\\/ugurozalit.com\\\/index.php\\\/hizmetlerimiz\\\/\"},{\"@type\":\"ListItem\",\"position\":3,\"name\":\"Ozalit\"}]},{\"@type\":\"WebSite\",\"@id\":\"https:\\\/\\\/ugurozalit.com\\\/#website\",\"url\":\"https:\\\/\\\/ugurozalit.com\\\/\",\"name\":\"U\u011fur Ozalit Dijital Bask\u0131 Merkezi\",\"description\":\"\",\"publisher\":{\"@id\":\"https:\\\/\\\/ugurozalit.com\\\/#organization\"},\"potentialAction\":[{\"@type\":\"SearchAction\",\"target\":{\"@type\":\"EntryPoint\",\"urlTemplate\":\"https:\\\/\\\/ugurozalit.com\\\/?s={search_term_string}\"},\"query-input\":{\"@type\":\"PropertyValueSpecification\",\"valueRequired\":true,\"valueName\":\"search_term_string\"}}],\"inLanguage\":\"tr\"},{\"@type\":\"Organization\",\"@id\":\"https:\\\/\\\/ugurozalit.com\\\/#organization\",\"name\":\"U\u011fur Ozalit Dijital Bask\u0131 Merkezi\",\"url\":\"https:\\\/\\\/ugurozalit.com\\\/\",\"logo\":{\"@type\":\"ImageObject\",\"inLanguage\":\"tr\",\"@id\":\"https:\\\/\\\/ugurozalit.com\\\/#\\\/schema\\\/logo\\\/image\\\/\",\"url\":\"https:\\\/\\\/ugurozalit.com\\\/wp-content\\\/uploads\\\/2023\\\/12\\\/UGUR-LOGO.png\",\"contentUrl\":\"https:\\\/\\\/ugurozalit.com\\\/wp-content\\\/uploads\\\/2023\\\/12\\\/UGUR-LOGO.png\",\"width\":1654,\"height\":1652,\"caption\":\"U\u011fur Ozalit Dijital Bask\u0131 Merkezi\"},\"image\":{\"@id\":\"https:\\\/\\\/ugurozalit.com\\\/#\\\/schema\\\/logo\\\/image\\\/\"},\"sameAs\":[\"https:\\\/\\\/www.instagram.com\\\/ugurdijitalbaski\\\/\"]}]}<\/script>\n<!-- \/ Yoast SEO plugin. -->","yoast_head_json":{"title":"Ozalit - U\u011fur Ozalit","robots":{"index":"index","follow":"follow","max-snippet":"max-snippet:-1","max-image-preview":"max-image-preview:large","max-video-preview":"max-video-preview:-1"},"canonical":"https:\/\/ugurozalit.com\/index.php\/hizmetlerimiz\/ozalit\/","og_locale":"tr_TR","og_type":"article","og_title":"Ozalit - U\u011fur Ozalit","og_description":"Ozalit &#8211; Proje Bask\u0131 U\u011fur Ozalit olarak ozalit bask\u0131 plan i\u015flemlerinizi y\u00fcksek kaliteli makinelerimiz de sizler i\u00e7in bask\u0131 yap\u0131yoruz. Demir, temel, statik jeoloji, elekrik, su, do\u011falgaz\u2026mimarlar\u0131n ve proje b\u00fcrolar\u0131n\u0131n en \u00e7ok ihtiya\u00e7 duyduklar\u0131 ozalit bask\u0131, A0 \u00e7\u0131kt\u0131, ve plan kopyalama i\u015flerini plan kopya makinelerimizde A0 bask\u0131 geni\u015fli\u011finde ve sonsuz uzunlukta \u00e7\u0131kt\u0131 alarak dilerseniz rulo halinde, [&hellip;]","og_url":"https:\/\/ugurozalit.com\/index.php\/hizmetlerimiz\/ozalit\/","og_site_name":"U\u011fur Ozalit","article_modified_time":"2024-11-13T18:56:02+00:00","twitter_card":"summary_large_image","twitter_misc":{"Tahmini okuma s\u00fcresi":"1 dakika"},"schema":{"@context":"https:\/\/schema.org","@graph":[{"@type":"WebPage","@id":"https:\/\/ugurozalit.com\/index.php\/hizmetlerimiz\/ozalit\/","url":"https:\/\/ugurozalit.com\/index.php\/hizmetlerimiz\/ozalit\/","name":"Ozalit - U\u011fur Ozalit","isPartOf":{"@id":"https:\/\/ugurozalit.com\/#website"},"datePublished":"2023-11-23T17:57:29+00:00","dateModified":"2024-11-13T18:56:02+00:00","breadcrumb":{"@id":"https:\/\/ugurozalit.com\/index.php\/hizmetlerimiz\/ozalit\/#breadcrumb"},"inLanguage":"tr","potentialAction":[{"@type":"ReadAction","target":["https:\/\/ugurozalit.com\/index.php\/hizmetlerimiz\/ozalit\/"]}]},{"@type":"BreadcrumbList","@id":"https:\/\/ugurozalit.com\/index.php\/hizmetlerimiz\/ozalit\/#breadcrumb","itemListElement":[{"@type":"ListItem","position":1,"name":"Anasayfa","item":"https:\/\/ugurozalit.com\/"},{"@type":"ListItem","position":2,"name":"Hizmetlerimiz","item":"https:\/\/ugurozalit.com\/index.php\/hizmetlerimiz\/"},{"@type":"ListItem","position":3,"name":"Ozalit"}]},{"@type":"WebSite","@id":"https:\/\/ugurozalit.com\/#website","url":"https:\/\/ugurozalit.com\/","name":"U\u011fur Ozalit Dijital Bask\u0131 Merkezi","description":"","publisher":{"@id":"https:\/\/ugurozalit.com\/#organization"},"potentialAction":[{"@type":"SearchAction","target":{"@type":"EntryPoint","urlTemplate":"https:\/\/ugurozalit.com\/?s={search_term_string}"},"query-input":{"@type":"PropertyValueSpecification","valueRequired":true,"valueName":"search_term_string"}}],"inLanguage":"tr"},{"@type":"Organization","@id":"https:\/\/ugurozalit.com\/#organization","name":"U\u011fur Ozalit Dijital Bask\u0131 Merkezi","url":"https:\/\/ugurozalit.com\/","logo":{"@type":"ImageObject","inLanguage":"tr","@id":"https:\/\/ugurozalit.com\/#\/schema\/logo\/image\/","url":"https:\/\/ugurozalit.com\/wp-content\/uploads\/2023\/12\/UGUR-LOGO.png","contentUrl":"https:\/\/ugurozalit.com\/wp-content\/uploads\/2023\/12\/UGUR-LOGO.png","width":1654,"height":1652,"caption":"U\u011fur Ozalit Dijital Bask\u0131 Merkezi"},"image":{"@id":"https:\/\/ugurozalit.com\/#\/schema\/logo\/image\/"},"sameAs":["https:\/\/www.instagram.com\/ugurdijitalbaski\/"]}]}},"_links":{"self":[{"href":"https:\/\/ugurozalit.com\/index.php\/wp-json\/wp\/v2\/pages\/15","targetHints":{"allow":["GET"]}}],"collection":[{"href":"https:\/\/ugurozalit.com\/index.php\/wp-json\/wp\/v2\/pages"}],"about":[{"href":"https:\/\/ugurozalit.com\/index.php\/wp-json\/wp\/v2\/types\/page"}],"author":[{"embeddable":true,"href":"https:\/\/ugurozalit.com\/index.php\/wp-json\/wp\/v2\/users\/1"}],"replies":[{"embeddable":true,"href":"https:\/\/ugurozalit.com\/index.php\/wp-json\/wp\/v2\/comments?post=15"}],"version-history":[{"count":3,"href":"https:\/\/ugurozalit.com\/index.php\/wp-json\/wp\/v2\/pages\/15\/revisions"}],"predecessor-version":[{"id":76,"href":"https:\/\/ugurozalit.com\/index.php\/wp-json\/wp\/v2\/pages\/15\/revisions\/76"}],"up":[{"embeddable":true,"href":"https:\/\/ugurozalit.com\/index.php\/wp-json\/wp\/v2\/pages\/13"}],"wp:attachment":[{"href":"https:\/\/ugurozalit.com\/index.php\/wp-json\/wp\/v2\/media?parent=15"}],"curies":[{"name":"wp","href":"https:\/\/api.w.org\/{rel}","templated":true}]}}